{"id":6497,"date":"2024-03-23T16:38:05","date_gmt":"2024-03-23T16:38:05","guid":{"rendered":"http:\/\/norskboligservice.com\/?page_id=6497"},"modified":"2024-08-06T10:12:49","modified_gmt":"2024-08-06T10:12:49","slug":"los-caideros","status":"publish","type":"page","link":"https:\/\/test.norskboligservice.com\/no\/los-caideros\/","title":{"rendered":"Los Caideros"},"content":{"rendered":"<div data-vc-full-width=\"true\" data-vc-full-width-init=\"false\" data-vc-parallax=\"1.5\" data-vc-parallax-image=\"https:\/\/test.norskboligservice.com\/wp-content\/uploads\/2024\/08\/Los-Caideros.jpg\" class=\"vc_row wpb_row vc_row-fluid vc_row-has-fill vc_general vc_parallax vc_parallax-content-moving\"><div class=\"wpb_column vc_column_container vc_col-sm-12\"><div class=\"vc_column-inner\"><div class=\"wpb_wrapper\"><div class=\"g5plus-space space-69f0fd82777dc\" data-id=\"69f0fd82777dc\" data-tablet=\"190\" data-tablet-portrait=\"160\" data-mobile=\"50\" data-mobile-landscape=\"100\" style=\"clear: both; display: block; height: 218px\"><\/div>\n\t<div class=\"wpb_text_column wpb_content_element\" >\n\t\t<div class=\"wpb_wrapper\">\n\t\t\t<h1 style=\"text-align: center; text-color: white;\"><span style=\"color: #ffffff;\"><strong>caideros<br \/>\n<\/strong><\/span><\/h1>\n\n\t\t<\/div>\n\t<\/div>\n<div class=\"g5plus-space space-69f0fd82778bf\" data-id=\"69f0fd82778bf\" data-tablet=\"95\" data-tablet-portrait=\"80\" data-mobile=\"25\" data-mobile-landscape=\"50\" style=\"clear: both; display: block; height: 109px\"><\/div><div data-options=\"{&quot;ajax_url&quot;:&quot;\\\/wp-admin\\\/admin-ajax.php&quot;,&quot;price_is_slider&quot;:&quot;&quot;,&quot;enable_filter_location&quot;:&quot;1&quot;}\" class=\"ere-search-properties clearfix style-mini-line color-dark\">\n                <div class=\"form-search-wrap\">\n            <div class=\"form-search-inner\">\n                <div class=\"ere-search-content\">\n                                        <div data-href=\"https:\/\/test.norskboligservice.com\/no\/advanced-search\/\" class=\"search-properties-form\">\n                                                <div class=\"form-search\">\n                            <div class=\"row\">\n                                <div class=\"col-lg-2 col-md-2 col-sm-4 col-xs-12 form-group\">\r\n    <input type=\"text\" class=\"ere-property-identity form-control search-field\" data-default-value=\"\"\r\n           value=\"\"\r\n           name=\"property_identity\"\r\n           placeholder=\"Eiendoms-ID\">\r\n<\/div><div class=\"col-lg-2 col-md-2 col-sm-4 col-xs-12 form-group\">\r\n    <select name=\"status\" title=\"Eiendomsstatus\"\r\n            class=\"search-field form-control\" data-default-value=\"\">\r\n        <option value=\"alquiler\">Til Leie<\/option><option value=\"venta\">Til Salgs<\/option>\t    <option value=\"\"  selected='selected'>\r\n\t\t    All status\t    <\/option>\r\n    <\/select>\r\n<\/div><div class=\"col-lg-2 col-md-2 col-sm-4 col-xs-12 form-group\">\r\n    <select name=\"type\" title=\"Eiendomstyper\"\r\n            class=\"search-field form-control\" data-default-value=\"\">\r\n        <option value=\"apartamento\">Leilighet<\/option><option value=\"atico\">Penthouse<\/option><option value=\"bungalow\">Bungalow<\/option><option value=\"casa-adosada\">Tomannsbolig<\/option><option value=\"casa\">Rekkehus<\/option><option value=\"complejo\">Complex<\/option><option value=\"duplex\">Duplex<\/option><option value=\"estudio\">Studioleilighet<\/option><option value=\"garaje\">Garasje<\/option><option value=\"local\">Lokal<\/option><option value=\"parcela\">Tomt<\/option><option value=\"proyecto\">Prosjekt<\/option><option value=\"trastero\">Bod<\/option><option value=\"villa\">Villa<\/option>        <option\r\n            value=\"\"  selected='selected'>\r\n            Alle typer        <\/option>\r\n    <\/select>\r\n<\/div><div class=\"col-lg-2 col-md-2 col-sm-4 col-xs-12 form-group\">\r\n    <select name=\"bedrooms\" title=\"Eiendom Soverom\"\r\n            class=\"search-field form-control\" data-default-value=\"\">\r\n        <option value=\"\">\r\n            Alle soverom        <\/option>\r\n\t    \t\t    \t\t\t    <option  value=\"1\">1<\/option>\r\n\t\t    \t\t\t    <option  value=\"2\">2<\/option>\r\n\t\t    \t\t\t    <option  value=\"3\">3<\/option>\r\n\t\t    \t\t\t    <option  value=\"4\">4<\/option>\r\n\t\t    \t\t\t    <option  value=\"5\">5<\/option>\r\n\t\t    \t\t\t    <option  value=\"6\">6<\/option>\r\n\t\t    \t\t\t    <option  value=\"7\">7<\/option>\r\n\t\t    \t\t\t    <option  value=\"8\">8<\/option>\r\n\t\t    \t\t\t    <option  value=\"9\">9<\/option>\r\n\t\t    \t\t\t    <option  value=\"10\">10<\/option>\r\n\t\t    \t        <\/select>\r\n<\/div><div class=\"col-lg-2 col-md-2 col-sm-4 col-xs-12 form-group\">\r\n    <select name=\"bathrooms\" title=\"Eiendom Baderom\"\r\n            class=\"search-field form-control\" data-default-value=\"\">\r\n        <option value=\"\">\r\n            Alle bad        <\/option>\r\n\t    \t        \t\t\t    <option  value=\"1\">1<\/option>\r\n\t        \t\t\t    <option  value=\"2\">2<\/option>\r\n\t        \t\t\t    <option  value=\"3\">3<\/option>\r\n\t        \t\t\t    <option  value=\"4\">4<\/option>\r\n\t        \t\t\t    <option  value=\"5\">5<\/option>\r\n\t        \t\t\t    <option  value=\"6\">6<\/option>\r\n\t        \t\t\t    <option  value=\"7\">7<\/option>\r\n\t        \t\t\t    <option  value=\"8\">8<\/option>\r\n\t        \t\t\t    <option  value=\"9\">9<\/option>\r\n\t        \t\t\t    <option  value=\"10\">10<\/option>\r\n\t        \t        <\/select>\r\n<\/div>                                <div\n                                    class=\"col-lg-2 col-md-2 col-sm-4 col-xs-12 form-group submit-search-form pull-right\">\n                                    <button type=\"button\" class=\"ere-advanced-search-btn\"><i class=\"fa fa-search\"><\/i>\n                                        S\u00f8k                                    <\/button>\n                                <\/div>\n                            <\/div>\n                        <\/div>\n                    <\/div>\n                <\/div>\n            <\/div>\n        <\/div>\n                        <\/div><div class=\"g5plus-space space-69f0fd82784a2\" data-id=\"69f0fd82784a2\" data-tablet=\"190\" data-tablet-portrait=\"160\" data-mobile=\"50\" data-mobile-landscape=\"100\" style=\"clear: both; display: block; height: 218px\"><\/div><\/div><\/div><\/div><\/div><div class=\"vc_row-full-width vc_clearfix\"><\/div><div class=\"vc_row wpb_row vc_row-fluid\"><div class=\"wpb_column vc_column_container vc_col-sm-12\"><div class=\"vc_column-inner\"><div class=\"wpb_wrapper\"><div class=\"g5plus-space space-69f0fd82786ce\" data-id=\"69f0fd82786ce\" data-tablet=\"70\" data-tablet-portrait=\"60\" data-mobile=\"40\" data-mobile-landscape=\"50\" style=\"clear: both; display: block; height: 90px\"><\/div><div class=\"ere-property-wrap\">\n    <div class=\"ere-property clearfix property-grid rounded-img col-gap-30\" >\n                            <div class=\"property-content columns-3 columns-md-3 columns-sm-2 columns-xs-1 columns-mb-1\">\n                                                        <div class=\"ere-item-wrap property-item mg-bottom-30\">\n                            <div class=\"property-inner\">\n                                <div class=\"property-image\">\n                                    <img loading=\"lazy\" decoding=\"async\" width=\"340\"\n                                         height=\"340\"\n                                         src=\"https:\/\/test.norskboligservice.com\/wp-content\/uploads\/2024\/06\/2883-0-scaled.jpg?v=1721933504\"\n                                         onerror=\"this.src = 'http:\/\/norskboligservice.com\/wp-content\/uploads\/2018\/05\/no-image-340x340.jpg';\"\n                                         alt=\"Moderna casa adosada a la venta en Los Caideros, Gran Canaria\"\n                                         title=\"Moderne tomannsbolig til salgs i Los Caideros, Gran Canaria\">\n\n                                    <div class=\"property-action block-center\">\n                                        <div class=\"block-center-inner\">\n                                            <div class=\"property-view-gallery-wrap\" data-toggle=\"tooltip\" title=\"(15) Bilder\">\n    <a data-property-id=\"7462\"\n       href=\"javascript:void(0)\" class=\"property-view-gallery\"><i\n            class=\"fa fa-camera\"><\/i><\/a>\n<\/div><a href=\"javascript:void(0)\" class=\"property-favorite\" data-property-id=\"7462\"\n   data-toggle=\"tooltip\"\n   title=\"Legg til i favoritter\" data-title-not-favorite=\"Add to Favorite\" data-title-favorited=\"It is my favorite\" data-icon-not-favorite=\"fa fa-star-o\" data-icon-favorited=\"fa fa-star\"><i\n\t\t\tclass=\"fa fa-star-o\"><\/i><\/a>                                        <\/div>\n                                        <a class=\"property-link\" href=\"https:\/\/test.norskboligservice.com\/no\/property\/2883\/\"\n                                           title=\"Moderne tomannsbolig til salgs i Los Caideros, Gran Canaria\"><\/a>\n\n                                    <\/div>\n                                                                        <div class=\"property-item-content-inner\">\n                                        <div class=\"property-date\"><i\n                                                class=\"fa fa-calendar accent-color\"><\/i>\n                                             2 \u00e5r ago                                        <\/div>\n                                                                                    <div class=\"property-agent\">\n                                                <a href=\"https:\/\/test.norskboligservice.com\/no\/agent\/judit-bauman\/\" title=\"Judit Bauman\">                                                <i class=\"fa fa-user accent-color\"><\/i>\n                                                <span>Judit Bauman<\/span>\n                                                <\/a>                                            <\/div>\n                                                                            <\/div>\n                                <\/div>\n                                <div\n                                    class=\"property-item-content\">\n                                                                            <div class=\"property-type\">\n                                            <i class=\"fa fa-tag accent-color\"><\/i>\n                                                                                            <a href=\"https:\/\/test.norskboligservice.com\/no\/property-type\/casa-adosada\/\"\n                                                   title=\"Tomannsbolig\"><span>Tomannsbolig <\/span><\/a>\n                                                                                    <\/div>\n                                                                        <div class=\"property-heading\">\n                                        <h4 class=\"property-title fs-18\"><a\n                                                href=\"https:\/\/test.norskboligservice.com\/no\/property\/2883\/\"\n                                                title=\"Moderne tomannsbolig til salgs i Los Caideros, Gran Canaria\">Moderne tomannsbolig til salgs i Los Caideros, Gran Canaria<\/a>\n                                        <\/h4>\n                                    <\/div>\n                                                                            <div class=\"property-location\"\n                                             title=\"Los Caideros, Spania\">\n                                            <i class=\"fa fa-map-marker accent-color\"><\/i>\n                                            <a target=\"_blank\"\n                                               href=\"http:\/\/maps.google.com\/?q=Los%20Caideros,%20Espa\u00f1a\"><span>Los Caideros, Spania<\/span><\/a>\n                                        <\/div>\n                                                                        <div class=\"property-info\">\n                                        <div class=\"property-info-inner clearfix\">\n                                                                                            <div class=\"property-area\">\n                                                    <div class=\"property-area-inner\">\n                                                        <i class=\"icon-assembly-area\"><\/i>\n                                                        <span class=\"property-info-value\">44 m<sup>2<\/sup>\t\t\t\t\t\t\t\t\t\t\t\t<\/span>\n                                                    <\/div>\n                                                <\/div>\n                                                                                                                                        <div class=\"property-bedrooms\">\n                                                    <div class=\"property-bedrooms-inner\">\n                                                        <i class=\"icon-bed-1\"><\/i>\n                                                        <span\n                                                            class=\"property-info-value\">1 soverom<\/span>\n                                                    <\/div>\n                                                <\/div>\n                                                                                                                                        <div class=\"property-bathrooms\">\n                                                    <div class=\"property-bathrooms-inner\">\n                                                        <i class=\"icon-bathtub-1\"><\/i>\n                                                        <span\n                                                            class=\"property-info-value\">2 Baderom<\/span>\n                                                    <\/div>\n                                                <\/div>\n                                                                                                                                <\/div>\n                                    <\/div>\n                                                                                                                        <div class=\"property-excerpt\">\n                                                <p>Moderne tomannsbolig til salgs i Los Caideros, Gran Canaria Eiendommen: Huset er nylig renovert og pusset opp. Det er klart til \u00e5 ta imot nye eiere som elsker stranden og solen. Det har en minimalistisk og praktisk inndeling. Det har 20m2 uteomr\u00e5de.   Fordelingen er som f\u00f8lger:   Romslig [...]<\/p>\n                                            <\/div>\n                                                                                <div class=\"property-status-price\">\n                                                                                            <div class=\"property-status\">\n                                                                                                                                                                    <p class=\"status-item\">\n                                        <span class=\"property-status-bg\">Til Salgs                                        <\/span>\n                                                        <\/p>\n                                                                                                    <\/div>\n                                                                                                                                        <div class=\"property-price\">\n                                                <span>\n                                                                                                        237.000\u20ac                                                                                                    <\/span>\n                                                <\/div>\n                                                                                    <\/div>\n                                                                    <\/div>\n                                                            <\/div>\n                        <\/div>\n                                                                    <\/div>\n        <div class=\"clearfix\"><\/div>\n                                <div class=\"property-paging-wrap\"\n                 data-admin-url=\"\/wp-admin\/admin-ajax.php\"\n                 data-layout=\"property-grid\"\n                 data-items-amount=\"100\"\n                 data-columns=\"3\"\n                 data-image-size=\"340x340\"\n                 data-columns-gap=\"col-gap-30\"\n                 data-view-all-link=\"\"\n                 data-property-type=\"\"\n                 data-property-status=\"\"\n                 data-property-feature=\"\"\n                 data-property-city=\"los-caideros\"\n                 data-property-state=\"\"\n                 data-property-neighborhood=\"\"\n                 data-property-label=\"\"\n                 data-property-featured=\"\"\n                 data-author-id=\"\"\n                 data-agent-id=\"\">\n                            <\/div>\n            <\/div>\n<\/div>\n\n<div class=\"g5plus-space space-69f0fd827d4be\" data-id=\"69f0fd827d4be\" data-tablet=\"70\" data-tablet-portrait=\"60\" data-mobile=\"40\" data-mobile-landscape=\"50\" style=\"clear: both; display: block; height: 90px\"><\/div><\/div><\/div><\/div><\/div>","protected":false},"excerpt":{"rendered":"Moderne tomannsbolig til salgs i Los Caideros, Gran Canaria Eiendommen: Huset er nylig renovert og pusset opp. Det er klart til \u00e5 ta imot nye eiere som elsker stranden og solen. Det har en minimalistisk og praktisk inndeling. Det har 20m2 uteomr\u00e5de.   Fordelingen er som f\u00f8lger:   Romslig [...]","protected":false},"author":3,"featured_media":0,"parent":0,"menu_order":0,"comment_status":"closed","ping_status":"closed","template":"","meta":{"footnotes":""},"class_list":["post-6497","page","type-page","status-publish","hentry"],"_links":{"self":[{"href":"https:\/\/test.norskboligservice.com\/no\/wp-json\/wp\/v2\/pages\/6497","targetHints":{"allow":["GET"]}}],"collection":[{"href":"https:\/\/test.norskboligservice.com\/no\/wp-json\/wp\/v2\/pages"}],"about":[{"href":"https:\/\/test.norskboligservice.com\/no\/wp-json\/wp\/v2\/types\/page"}],"author":[{"embeddable":true,"href":"https:\/\/test.norskboligservice.com\/no\/wp-json\/wp\/v2\/users\/3"}],"replies":[{"embeddable":true,"href":"https:\/\/test.norskboligservice.com\/no\/wp-json\/wp\/v2\/comments?post=6497"}],"version-history":[{"count":13,"href":"https:\/\/test.norskboligservice.com\/no\/wp-json\/wp\/v2\/pages\/6497\/revisions"}],"predecessor-version":[{"id":9555,"href":"https:\/\/test.norskboligservice.com\/no\/wp-json\/wp\/v2\/pages\/6497\/revisions\/9555"}],"wp:attachment":[{"href":"https:\/\/test.norskboligservice.com\/no\/wp-json\/wp\/v2\/media?parent=6497"}],"curies":[{"name":"wp","href":"https:\/\/api.w.org\/{rel}","templated":true}]}}