{"id":6509,"date":"2024-03-23T16:45:23","date_gmt":"2024-03-23T16:45:23","guid":{"rendered":"http:\/\/norskboligservice.com\/?page_id=6509"},"modified":"2024-10-23T16:06:07","modified_gmt":"2024-10-23T16:06:07","slug":"sobre-nosotros","status":"publish","type":"page","link":"https:\/\/test.norskboligservice.com\/no\/sobre-nosotros\/","title":{"rendered":"Om oss"},"content":{"rendered":"<div class=\"vc_row wpb_row vc_row-fluid\"><div class=\"wpb_column vc_column_container vc_col-sm-12\"><div class=\"vc_column-inner\"><div class=\"wpb_wrapper\"><div class=\"g5plus-space space-69f0ef7d35104\" data-id=\"69f0ef7d35104\" data-tablet=\"30\" data-tablet-portrait=\"30\" data-mobile=\"15\" data-mobile-landscape=\"20\" style=\"clear: both; display: block; height: 50px\"><\/div>\n\t<div class=\"wpb_text_column wpb_content_element\" >\n\t\t<div class=\"wpb_wrapper\">\n\t\t\t<h1 style=\"text-align: center;\"><span style=\"color: #4e5152;\"><strong>om oss<br \/>\n<\/strong><\/span><\/h1>\n\n\t\t<\/div>\n\t<\/div>\n<div class=\"g5plus-space space-69f0ef7d351dd\" data-id=\"69f0ef7d351dd\" data-tablet=\"50\" data-tablet-portrait=\"40\" data-mobile=\"20\" data-mobile-landscape=\"30\" style=\"clear: both; display: block; height: 70px\"><\/div><\/div><\/div><\/div><\/div><div class=\"vc_row wpb_row vc_row-fluid\"><div class=\"wpb_column vc_column_container vc_col-sm-12\"><div class=\"vc_column-inner\"><div class=\"wpb_wrapper\">\n\t<div class=\"wpb_text_column wpb_content_element\" >\n\t\t<div class=\"wpb_wrapper\">\n\t\t\t<p style=\"text-align: center; font-size: 18px; line-height: 2.5;\"><span style=\"color: #4e5152;\">Hos Norsk Boligservice hjelper vi v\u00e5re kunder med \u00e5 finne den boligen de er p\u00e5 jakt etter p\u00e5 Gran Canaria. Vi er stolte av \u00e5 kunne tilby v\u00e5re kunder en vennlig og \u00e6rlig service gjennom v\u00e5rt team av eksperter. V\u00e5rt hovedm\u00e5l er \u00e5 forenkle den komplekse prosessen med \u00e5 velge bolig, enten det er til leie eller salg.<\/span><\/p>\n<p class=\"cvGsUA direction-ltr align-center para-style-body\" style=\"text-align: center; font-size: 18px; line-height: 2.5;\"><span style=\"color: #4e5152;\"><span class=\"OYPEnA text-decoration-none text-strikethrough-none\">I tillegg kjennetegnes v\u00e5re fagfolk ved at de behersker et bredt spekter av spr\u00e5k<\/span><span class=\"OYPEnA text-decoration-none text-strikethrough-none\">som gj\u00f8r det mulig for oss \u00e5 bringe varmen fra \u00f8ya til v\u00e5re internasjonale kunder. Din tilfredshet er av st\u00f8rste betydning for oss, <\/span><span class=\"OYPEnA text-decoration-none text-strikethrough-none\">under og etter boligvalgprosessen.<\/span><\/span><\/p>\n\n\t\t<\/div>\n\t<\/div>\n<div class=\"g5plus-space space-69f0ef7d3538f\" data-id=\"69f0ef7d3538f\" data-tablet=\"70\" data-tablet-portrait=\"60\" data-mobile=\"40\" data-mobile-landscape=\"50\" style=\"clear: both; display: block; height: 90px\"><\/div><\/div><\/div><\/div><\/div><div class=\"vc_row wpb_row vc_row-fluid\"><div class=\"wpb_column vc_column_container vc_col-sm-12\"><div class=\"vc_column-inner\"><div class=\"wpb_wrapper\"><div class=\"g5plus-space space-69f0ef7d35578\" data-id=\"69f0ef7d35578\" data-tablet=\"70\" data-tablet-portrait=\"60\" data-mobile=\"40\" data-mobile-landscape=\"50\" style=\"clear: both; display: block; height: 90px\"><\/div>\t<div class=\"ere-agent-wrap\">\n\t\t\t\t\t<div class=\"ere-agent agent-grid  row columns-3 columns-md-3 columns-sm-2 columns-xs-2 columns-mb-1\" >\n\t\t\t\t\t\t\t\t\t<div class=\"agent-item ere-item-wrap\">\n\t\t\t\t\t\t<div class=\"agent-item-inner\">\n\t\t\t\t\t\t\t<div class=\"agent-avatar\">\n\t\t\t\t\t\t\t\t<a title=\"Judit Bauman, salg\"\n\t\t\t\t\t\t\t\t   href=\"https:\/\/test.norskboligservice.com\/no\/agent\/judit-bauman\/\"><img\n\t\t\t\t\t\t\t\t\t\t\twidth=\"270\"\n\t\t\t\t\t\t\t\t\t\t\theight=\"340\"\n\t\t\t\t\t\t\t\t\t\t\tonerror=\"this.src = 'http:\/\/norskboligservice.com\/wp-content\/plugins\/essential-real-estate\/public\/assets\/images\/profile-avatar.png';\"\n\t\t\t\t\t\t\t\t\t\t\tsrc=\"https:\/\/test.norskboligservice.com\/wp-content\/uploads\/2024\/09\/Judit-05-270x340.png\"\n\t\t\t\t\t\t\t\t\t\t\talt=\"Judit Bauman, Ventas\"\n\t\t\t\t\t\t\t\t\t\t\ttitle=\"Judit Bauman, salg\"><\/a>\n\t\t\t\t\t\t\t<\/div>\n\t\t\t\t\t\t\t<div class=\"agent-content\">\n\t\t\t\t\t\t\t\t<div class=\"agent-info\">\n\t\t\t\t\t\t\t\t\t\t\t\t\t\t\t\t\t\t\t<h2 class=\"agent-name\"><a title=\"Judit Bauman, salg\"\n\t\t\t\t\t\t\t\t\t\t                          href=\"https:\/\/test.norskboligservice.com\/no\/agent\/judit-bauman\/\">Judit Bauman, salg<\/a>\n\t\t\t\t\t\t\t\t\t\t<\/h2>\n\t\t\t\t\t\t\t\t\t\t\t\t\t\t\t\t\t\t<span class=\"ere__agent-count\">37 eiendommer<\/span>\n\t\t\t\t\t\t\t\t\t\t\t\t\t\t\t\t\t<\/div>\n\t\t\t\t\t\t\t\t<div class=\"agent-social\">\n\t\t\t\t\t\t\t\t\t\t\t\t\t\t\t\t\t\t\t\t\t\t\t\t\t\t\t\t\t\t\t\t\t\t\t\t\t<a title=\"E-post\" href=\"mailto:judit@norskboligservice.com\">\n\t\t\t\t\t\t\t\t\t\t\t<i class=\"fa fa-envelope\"><\/i>\n\t\t\t\t\t\t\t\t\t\t<\/a>\n\t\t\t\t\t\t\t\t\t\t\t\t\t\t\t\t\t\t\t\t\t\t\t\t\t\t\t\t\t\t\t\t\t\t\t\t\t\t\t\t\t\t\t\t\t\t\t\t\t\t\t\t\t\t\t\t\t\t\t\t\t\t\t\t\t\t\t\t\t\t\t<\/div>\n\t\t\t\t\t\t\t<\/div>\n\t\t\t\t\t\t<\/div>\n\t\t\t\t\t<\/div>\n\t\t\t\t\t\t\t\t\t<div class=\"agent-item ere-item-wrap\">\n\t\t\t\t\t\t<div class=\"agent-item-inner\">\n\t\t\t\t\t\t\t<div class=\"agent-avatar\">\n\t\t\t\t\t\t\t\t<a title=\"Roman Bauman, utleie\"\n\t\t\t\t\t\t\t\t   href=\"https:\/\/test.norskboligservice.com\/no\/agent\/roman-bauman\/\"><img\n\t\t\t\t\t\t\t\t\t\t\twidth=\"270\"\n\t\t\t\t\t\t\t\t\t\t\theight=\"340\"\n\t\t\t\t\t\t\t\t\t\t\tonerror=\"this.src = 'http:\/\/norskboligservice.com\/wp-content\/plugins\/essential-real-estate\/public\/assets\/images\/profile-avatar.png';\"\n\t\t\t\t\t\t\t\t\t\t\tsrc=\"https:\/\/test.norskboligservice.com\/wp-content\/uploads\/2024\/04\/Roman-270x340.png\"\n\t\t\t\t\t\t\t\t\t\t\talt=\"Roman Bauman, Alquiler\"\n\t\t\t\t\t\t\t\t\t\t\ttitle=\"Roman Bauman, utleie\"><\/a>\n\t\t\t\t\t\t\t<\/div>\n\t\t\t\t\t\t\t<div class=\"agent-content\">\n\t\t\t\t\t\t\t\t<div class=\"agent-info\">\n\t\t\t\t\t\t\t\t\t\t\t\t\t\t\t\t\t\t\t<h2 class=\"agent-name\"><a title=\"Roman Bauman, utleie\"\n\t\t\t\t\t\t\t\t\t\t                          href=\"https:\/\/test.norskboligservice.com\/no\/agent\/roman-bauman\/\">Roman Bauman, utleie<\/a>\n\t\t\t\t\t\t\t\t\t\t<\/h2>\n\t\t\t\t\t\t\t\t\t\t\t\t\t\t\t\t\t\t<span class=\"ere__agent-count\">0 eiendommer<\/span>\n\t\t\t\t\t\t\t\t\t\t\t\t\t\t\t\t\t<\/div>\n\t\t\t\t\t\t\t\t<div class=\"agent-social\">\n\t\t\t\t\t\t\t\t\t\t\t\t\t\t\t\t\t\t\t\t\t\t\t\t\t\t\t\t\t\t\t\t\t\t\t\t\t<a title=\"E-post\" href=\"mailto:roman@canaria.no\">\n\t\t\t\t\t\t\t\t\t\t\t<i class=\"fa fa-envelope\"><\/i>\n\t\t\t\t\t\t\t\t\t\t<\/a>\n\t\t\t\t\t\t\t\t\t\t\t\t\t\t\t\t\t\t\t\t\t\t\t\t\t\t\t\t\t\t\t\t\t\t\t\t\t\t\t\t\t\t\t\t\t\t\t\t\t\t\t\t\t\t\t\t\t\t\t\t\t\t\t\t\t\t\t\t\t\t\t<\/div>\n\t\t\t\t\t\t\t<\/div>\n\t\t\t\t\t\t<\/div>\n\t\t\t\t\t<\/div>\n\t\t\t\t\t\t\t\t\t<div class=\"agent-item ere-item-wrap\">\n\t\t\t\t\t\t<div class=\"agent-item-inner\">\n\t\t\t\t\t\t\t<div class=\"agent-avatar\">\n\t\t\t\t\t\t\t\t<a title=\"Stefan Buday, utleie\"\n\t\t\t\t\t\t\t\t   href=\"https:\/\/test.norskboligservice.com\/no\/agent\/stefan-buday\/\"><img\n\t\t\t\t\t\t\t\t\t\t\twidth=\"270\"\n\t\t\t\t\t\t\t\t\t\t\theight=\"340\"\n\t\t\t\t\t\t\t\t\t\t\tonerror=\"this.src = 'http:\/\/norskboligservice.com\/wp-content\/plugins\/essential-real-estate\/public\/assets\/images\/profile-avatar.png';\"\n\t\t\t\t\t\t\t\t\t\t\tsrc=\"https:\/\/test.norskboligservice.com\/wp-content\/uploads\/2024\/04\/Stefan-270x340.png\"\n\t\t\t\t\t\t\t\t\t\t\talt=\"Stefan Buday, Alquiler\"\n\t\t\t\t\t\t\t\t\t\t\ttitle=\"Stefan Buday, utleie\"><\/a>\n\t\t\t\t\t\t\t<\/div>\n\t\t\t\t\t\t\t<div class=\"agent-content\">\n\t\t\t\t\t\t\t\t<div class=\"agent-info\">\n\t\t\t\t\t\t\t\t\t\t\t\t\t\t\t\t\t\t\t<h2 class=\"agent-name\"><a title=\"Stefan Buday, utleie\"\n\t\t\t\t\t\t\t\t\t\t                          href=\"https:\/\/test.norskboligservice.com\/no\/agent\/stefan-buday\/\">Stefan Buday, utleie<\/a>\n\t\t\t\t\t\t\t\t\t\t<\/h2>\n\t\t\t\t\t\t\t\t\t\t\t\t\t\t\t\t\t\t<span class=\"ere__agent-count\">0 eiendommer<\/span>\n\t\t\t\t\t\t\t\t\t\t\t\t\t\t\t\t\t<\/div>\n\t\t\t\t\t\t\t\t<div class=\"agent-social\">\n\t\t\t\t\t\t\t\t\t\t\t\t\t\t\t\t\t\t\t\t\t\t\t\t\t\t\t\t\t\t\t\t\t\t\t\t\t<a title=\"E-post\" href=\"mailto:stefan@canaria.no\">\n\t\t\t\t\t\t\t\t\t\t\t<i class=\"fa fa-envelope\"><\/i>\n\t\t\t\t\t\t\t\t\t\t<\/a>\n\t\t\t\t\t\t\t\t\t\t\t\t\t\t\t\t\t\t\t\t\t\t\t\t\t\t\t\t\t\t\t\t\t\t\t\t\t\t\t\t\t\t\t\t\t\t\t\t\t\t\t\t\t\t\t\t\t\t\t\t\t\t\t\t\t\t\t\t\t\t\t<\/div>\n\t\t\t\t\t\t\t<\/div>\n\t\t\t\t\t\t<\/div>\n\t\t\t\t\t<\/div>\n\t\t\t\t\t\t\t<\/div>\n            \t\t\t<\/div>\n<\/div><\/div><\/div><\/div>","protected":false},"excerpt":{"rendered":"","protected":false},"author":3,"featured_media":0,"parent":0,"menu_order":0,"comment_status":"closed","ping_status":"closed","template":"","meta":{"footnotes":""},"class_list":["post-6509","page","type-page","status-publish","hentry"],"_links":{"self":[{"href":"https:\/\/test.norskboligservice.com\/no\/wp-json\/wp\/v2\/pages\/6509","targetHints":{"allow":["GET"]}}],"collection":[{"href":"https:\/\/test.norskboligservice.com\/no\/wp-json\/wp\/v2\/pages"}],"about":[{"href":"https:\/\/test.norskboligservice.com\/no\/wp-json\/wp\/v2\/types\/page"}],"author":[{"embeddable":true,"href":"https:\/\/test.norskboligservice.com\/no\/wp-json\/wp\/v2\/users\/3"}],"replies":[{"embeddable":true,"href":"https:\/\/test.norskboligservice.com\/no\/wp-json\/wp\/v2\/comments?post=6509"}],"version-history":[{"count":22,"href":"https:\/\/test.norskboligservice.com\/no\/wp-json\/wp\/v2\/pages\/6509\/revisions"}],"predecessor-version":[{"id":10458,"href":"https:\/\/test.norskboligservice.com\/no\/wp-json\/wp\/v2\/pages\/6509\/revisions\/10458"}],"wp:attachment":[{"href":"https:\/\/test.norskboligservice.com\/no\/wp-json\/wp\/v2\/media?parent=6509"}],"curies":[{"name":"wp","href":"https:\/\/api.w.org\/{rel}","templated":true}]}}