{"id":6807,"date":"2024-04-18T10:15:58","date_gmt":"2024-04-18T10:15:58","guid":{"rendered":"http:\/\/norskboligservice.com\/?page_id=6807"},"modified":"2024-10-23T15:59:48","modified_gmt":"2024-10-23T15:59:48","slug":"cookies","status":"publish","type":"page","link":"https:\/\/test.norskboligservice.com\/no\/cookies\/","title":{"rendered":"Retningslinjer for informasjonskapsler"},"content":{"rendered":"<div data-vc-full-width=\"true\" data-vc-full-width-init=\"false\" data-vc-parallax=\"1.5\" class=\"vc_row wpb_row vc_row-fluid vc_custom_1713435771368 vc_row-has-fill vc_general vc_parallax vc_parallax-content-moving\"><div class=\"wpb_column vc_column_container vc_col-sm-12\"><div class=\"vc_column-inner\"><div class=\"wpb_wrapper\"><div class=\"g5plus-space space-69f0ed4574ea4\" data-id=\"69f0ed4574ea4\" data-tablet=\"70\" data-tablet-portrait=\"60\" data-mobile=\"40\" data-mobile-landscape=\"50\" style=\"clear: both; display: block; height: 90px\"><\/div>\n\t<div class=\"wpb_text_column wpb_content_element\" >\n\t\t<div class=\"wpb_wrapper\">\n\t\t\t<header class=\"text-center\">\n<h2 class=\"m-auto\"><span style=\"color: #4e5152;\">Retningslinjer for informasjonskapsler<\/span><\/h2>\n<h4><span class=\"blanc-space ng-binding\" style=\"color: #4e5152;\">www.norskboligservice.com<\/span><\/h4>\n<\/header>\n\n\t\t<\/div>\n\t<\/div>\n<div class=\"g5plus-space space-69f0ed4575031\" data-id=\"69f0ed4575031\" data-tablet=\"70\" data-tablet-portrait=\"60\" data-mobile=\"40\" data-mobile-landscape=\"50\" style=\"clear: both; display: block; height: 90px\"><\/div><\/div><\/div><\/div><\/div><div class=\"vc_row-full-width vc_clearfix\"><\/div><div class=\"vc_row wpb_row vc_row-fluid\"><div class=\"wpb_column vc_column_container vc_col-sm-12\"><div class=\"vc_column-inner\"><div class=\"wpb_wrapper\"><div class=\"g5plus-space space-69f0ed45753ac\" data-id=\"69f0ed45753ac\" data-tablet=\"70\" data-tablet-portrait=\"60\" data-mobile=\"40\" data-mobile-landscape=\"50\" style=\"clear: both; display: block; height: 90px\"><\/div>\n\t<div class=\"wpb_text_column wpb_content_element\" >\n\t\t<div class=\"wpb_wrapper\">\n\t\t\t<header class=\"text-center\"><\/header>\n<div>\n<p><span style=\"color: #4e5152;\">Tilgang til dette nettstedet kan inneb\u00e6re bruk av informasjonskapsler. Informasjonskapsler er sm\u00e5 mengder informasjon som lagres i nettleseren som brukes av hver bruker - i de forskjellige enhetene som kan brukes til \u00e5 surfe - slik at serveren husker visse opplysninger som senere bare vil bli lest av serveren som implementerte dem. Informasjonskapsler gj\u00f8r surfingen enklere og mer brukervennlig, og skader ikke surfeenheten.<\/span><\/p>\n<p><span style=\"color: #4e5152;\">Informasjonskapsler er automatiske prosedyrer for \u00e5 samle inn informasjon om brukerens preferanser under bes\u00f8ket p\u00e5 nettstedet for \u00e5 gjenkjenne ham\/henne som bruker, og for \u00e5 tilpasse brukerens opplevelse og bruk av nettstedet, og kan for eksempel ogs\u00e5 bidra til \u00e5 identifisere og l\u00f8se feil.<\/span><\/p>\n<p><span style=\"color: #4e5152;\">Informasjonen som samles inn via informasjonskapsler, kan omfatte dato og klokkeslett for bes\u00f8k p\u00e5 nettstedet, hvilke sider som er bes\u00f8kt, hvor lang tid som er brukt p\u00e5 nettstedet, og hvilke nettsteder som er bes\u00f8kt like f\u00f8r og like etter bes\u00f8ket p\u00e5 nettstedet. Ingen informasjonskapsel tillater imidlertid at denne informasjonskapselen kan kontakte brukerens telefonnummer eller andre m\u00e5ter \u00e5 oppn\u00e5 personlig kontakt p\u00e5. Ingen informasjonskapsel kan hente ut informasjon fra brukerens harddisk eller stjele personlig informasjon. Den eneste m\u00e5ten brukerens private informasjon kan bli en del av informasjonskapselfilen p\u00e5, er ved at brukeren selv oppgir denne informasjonen til serveren.<\/span><\/p>\n<p><span style=\"color: #4e5152;\">Informasjonskapsler som gj\u00f8r det mulig \u00e5 identifisere en person, anses som personopplysninger. Derfor skal de nevnte retningslinjene for personvern gjelde for dem. I denne forbindelse krever bruk av informasjonskapsler samtykke fra brukeren. Dette samtykket vil bli kommunisert p\u00e5 grunnlag av et reelt valg, tilbudt ved hjelp av en bekreftende og positiv beslutning, f\u00f8r den f\u00f8rste behandlingen, og vil kunne fjernes og dokumenteres.<\/span><\/p>\n<div class=\"\">\n<h4><span style=\"color: #4e5152;\">Egne informasjonskapsler<\/span><\/h4>\n<p><span style=\"color: #4e5152;\">Dette er informasjonskapsler som sendes til brukerens datamaskin eller enhet, og som utelukkende administreres av <span class=\"blanc-space ng-binding\">Norsk Boligservice<\/span> for at nettstedet skal fungere bedre. Informasjonen som samles inn, brukes til \u00e5 forbedre kvaliteten p\u00e5 nettstedet og dets innhold og din opplevelse som bruker. Disse informasjonskapslene gj\u00f8r det mulig \u00e5 gjenkjenne brukeren som en gjentakende bes\u00f8kende p\u00e5 nettstedet, og \u00e5 tilpasse innholdet for \u00e5 tilby ham\/henne innhold som er skreddersydd til hans\/hennes preferanser.<\/span><\/p>\n<\/div>\n<div class=\"thirdCookies\">\n<h4><\/h4>\n<h4><span style=\"color: #4e5152;\">Tredjeparts informasjonskapsler<\/span><\/h4>\n<p><span style=\"color: #4e5152;\">Dette er informasjonskapsler som brukes og administreres av eksterne enheter som leverer til <span class=\"blanc-space ng-binding\">Norsk Boligservice<\/span> tjenester som brukeren har bedt om, for \u00e5 forbedre nettstedet og brukeropplevelsen n\u00e5r brukeren surfer p\u00e5 nettstedet. Hovedform\u00e5let med bruk av tredjeparts informasjonskapsler er \u00e5 innhente tilgangsstatistikk og analysere nettlesingsinformasjon, dvs. hvordan brukeren samhandler med nettstedet.<\/span><\/p>\n<p><span style=\"color: #4e5152;\">Informasjonen som innhentes, gjelder for eksempel antall sider som er bes\u00f8kt, spr\u00e5k, stedet der IP-adressen som brukeren f\u00e5r tilgang fra, antall brukere som f\u00e5r tilgang, hyppigheten og gjentakelsen av bes\u00f8k, tidspunktet for bes\u00f8ket, nettleseren som brukes, operat\u00f8ren eller typen enhet som bes\u00f8ket er gjort fra. Denne informasjonen brukes til \u00e5 forbedre nettstedet og til \u00e5 oppdage nye behov for \u00e5 kunne tilby brukerne innhold og\/eller tjenester av optimal kvalitet. Informasjonen samles uansett inn anonymt, og det utarbeides rapporter om trender p\u00e5 nettstedet uten \u00e5 identifisere individuelle brukere.<\/span><\/p>\n<p><span style=\"color: #4e5152;\">Du kan f\u00e5 mer informasjon om informasjonskapsler, personverninformasjon eller se beskrivelsen av typen informasjonskapsler som brukes, deres viktigste egenskaper, utl\u00f8psperiode osv. p\u00e5 f\u00f8lgende lenke(r):<\/span><\/p>\n<p class=\"text-wrap ng-binding\"><span style=\"color: #4e5152;\">Google Analytics: https:\/\/developers.google.com\/analytics Digital Ocean: https:\/\/www.digitalocean.com\/legal<\/span><\/p>\n<p><span style=\"color: #4e5152;\">De(n) enheten(e) som er ansvarlig(e) for levering av informasjonskapsler, kan overf\u00f8re denne informasjonen til tredjeparter, der det er lovp\u00e5lagt eller der en tredjepart behandler denne informasjonen for disse enhetene.<\/span><\/p>\n<\/div>\n<div class=\"\">\n<h4><\/h4>\n<h4><span style=\"color: #4e5152;\">Informasjonskapsler for sosiale medier<\/span><\/h4>\n<p><span style=\"color: #4e5152;\"><span class=\"blanc-space ng-binding\">Norsk Boligservice<\/span> inneholder plugins for sosiale medier, som gir tilgang til sosiale nettverk fra nettstedet. Av denne grunn kan informasjonskapsler fra sosiale nettverk lagres i brukerens nettleser. Eierne av disse sosiale nettverkene har sine egne retningslinjer for databeskyttelse og informasjonskapsler, og er i hvert enkelt tilfelle selv ansvarlige for sine egne filer og sin egen personvernpraksis. Brukeren b\u00f8r henvende seg til dem for \u00e5 f\u00e5 informasjon om disse informasjonskapslene og, der det er relevant, om behandlingen av personopplysningene deres. Lenkene til disse retningslinjene for personvern og\/eller informasjonskapsler er angitt nedenfor, kun for informasjonsform\u00e5l:<\/span><\/p>\n<ul>\n<li><span style=\"color: #4e5152;\">Facebook: <a class=\"text-info\" style=\"color: #4e5152;\" href=\"https:\/\/www.facebook.com\/policies\/cookies\/\">https:\/\/www.facebook.com\/policies\/cookies\/<\/a><\/span><\/li>\n<li><span style=\"color: #4e5152;\">Twitter: <a class=\"text-info\" style=\"color: #4e5152;\" href=\"https:\/\/twitter.com\/es\/privacy\">https:\/\/twitter.com\/es\/privacy<\/a><\/span><\/li>\n<li><span style=\"color: #4e5152;\">Instagram: <a class=\"text-info\" style=\"color: #4e5152;\" href=\"https:\/\/help.instagram.com\/1896641480634370?ref=ig\">https:\/\/help.instagram.com\/1896641480634370?ref=ig<\/a><\/span><\/li>\n<li><span style=\"color: #4e5152;\">YouTube: <a class=\"text-info\" style=\"color: #4e5152;\" href=\"https:\/\/policies.google.com\/privacy?hl=es-419&amp;gl=mx\">https:\/\/policies.google.com\/privacy?hl=es-419&amp;gl=mx<\/a><\/span><\/li>\n<li><span style=\"color: #4e5152;\">Pinterest: <a class=\"text-info\" style=\"color: #4e5152;\" href=\"https:\/\/policy.pinterest.com\/es\/privacy-policy\">https:\/\/policy.pinterest.com\/es\/privacy-policy<\/a><\/span><\/li>\n<li><span style=\"color: #4e5152;\">LinkedIn: <a class=\"text-info\" style=\"color: #4e5152;\" href=\"https:\/\/www.linkedin.com\/legal\/cookie-policy?trk=hp-cookies\">https:\/\/www.linkedin.com\/legal\/cookie-policy?trk=hp-cookies<\/a><\/span><\/li>\n<\/ul>\n<\/div>\n<h4><\/h4>\n<h4><span style=\"color: #4e5152;\">Deaktivere, avvise og slette informasjonskapsler<\/span><\/h4>\n<p><span style=\"color: #4e5152;\">Brukeren kan deaktivere, avvise og slette informasjonskapsler - helt eller delvis - som er installert p\u00e5 enheten ved \u00e5 konfigurere nettleseren (inkludert for eksempel Chrome, Firefox, Safari, Explorer). I denne forbindelse kan prosedyrene for avvisning og sletting av informasjonskapsler variere fra nettleser til nettleser. Brukeren m\u00e5 derfor f\u00f8lge instruksjonene som gis av nettleseren han\/hun bruker. Hvis du avviser bruken av informasjonskapsler - helt eller delvis - kan du fortsette \u00e5 bruke nettstedet, selv om bruken av noen av funksjonene kan v\u00e6re begrenset.<\/span><\/p>\n<p><span style=\"color: #4e5152;\">Dette dokumentet om retningslinjer for informasjonskapsler er opprettet ved hjelp av informasjonskapselgeneratoren. <a class=\"text-body text-decoration-none\" style=\"color: #4e5152;\" href=\"https:\/\/textos-legales.edgartamarit.com\/\">gratis mal for retningslinjer for informasjonskapsler p\u00e5 nett<\/a> online den 18\/04\/2024.<\/span><\/p>\n<\/div>\n\n\t\t<\/div>\n\t<\/div>\n<div class=\"g5plus-space space-69f0ed4575617\" data-id=\"69f0ed4575617\" data-tablet=\"70\" data-tablet-portrait=\"60\" data-mobile=\"40\" data-mobile-landscape=\"50\" style=\"clear: both; display: block; height: 90px\"><\/div><\/div><\/div><\/div><\/div>","protected":false},"excerpt":{"rendered":"Retningslinjer for informasjonskapsler www.norskboligservice.com Tilgang til dette nettstedet kan inneb\u00e6re bruk av informasjonskapsler. Informasjonskapsler er sm\u00e5 mengder informasjon som lagres i nettleseren som brukes av hver bruker - i de forskjellige enhetene som de kan bruke til \u00e5 surfe - slik at serveren husker visse opplysninger som senere og bare serveren [...].","protected":false},"author":1,"featured_media":0,"parent":0,"menu_order":0,"comment_status":"closed","ping_status":"closed","template":"","meta":{"footnotes":""},"class_list":["post-6807","page","type-page","status-publish","hentry"],"_links":{"self":[{"href":"https:\/\/test.norskboligservice.com\/no\/wp-json\/wp\/v2\/pages\/6807","targetHints":{"allow":["GET"]}}],"collection":[{"href":"https:\/\/test.norskboligservice.com\/no\/wp-json\/wp\/v2\/pages"}],"about":[{"href":"https:\/\/test.norskboligservice.com\/no\/wp-json\/wp\/v2\/types\/page"}],"author":[{"embeddable":true,"href":"https:\/\/test.norskboligservice.com\/no\/wp-json\/wp\/v2\/users\/1"}],"replies":[{"embeddable":true,"href":"https:\/\/test.norskboligservice.com\/no\/wp-json\/wp\/v2\/comments?post=6807"}],"version-history":[{"count":12,"href":"https:\/\/test.norskboligservice.com\/no\/wp-json\/wp\/v2\/pages\/6807\/revisions"}],"predecessor-version":[{"id":10451,"href":"https:\/\/test.norskboligservice.com\/no\/wp-json\/wp\/v2\/pages\/6807\/revisions\/10451"}],"wp:attachment":[{"href":"https:\/\/test.norskboligservice.com\/no\/wp-json\/wp\/v2\/media?parent=6807"}],"curies":[{"name":"wp","href":"https:\/\/api.w.org\/{rel}","templated":true}]}}