{"id":6818,"date":"2024-04-18T10:24:34","date_gmt":"2024-04-18T10:24:34","guid":{"rendered":"http:\/\/norskboligservice.com\/?page_id=6818"},"modified":"2024-10-28T08:52:48","modified_gmt":"2024-10-28T08:52:48","slug":"politica-de-privacidad","status":"publish","type":"page","link":"https:\/\/test.norskboligservice.com\/no\/politica-de-privacidad\/","title":{"rendered":"Personvernerkl\u00e6ring"},"content":{"rendered":"<div data-vc-full-width=\"true\" data-vc-full-width-init=\"false\" data-vc-parallax=\"1.5\" class=\"vc_row wpb_row vc_row-fluid vc_custom_1713435771368 vc_row-has-fill vc_general vc_parallax vc_parallax-content-moving\"><div class=\"wpb_column vc_column_container vc_col-sm-12\"><div class=\"vc_column-inner\"><div class=\"wpb_wrapper\"><div class=\"g5plus-space space-69f0ef7d7a0a0\" data-id=\"69f0ef7d7a0a0\" data-tablet=\"70\" data-tablet-portrait=\"60\" data-mobile=\"40\" data-mobile-landscape=\"50\" style=\"clear: both; display: block; height: 90px\"><\/div>\n\t<div class=\"wpb_text_column wpb_content_element\" >\n\t\t<div class=\"wpb_wrapper\">\n\t\t\t<header class=\"text-center\">\n<h2 class=\"m-auto\"><span style=\"color: #4e5152;\">Personvernerkl\u00e6ring<\/span><\/h2>\n<h4><span class=\"blanc-space ng-binding\" style=\"color: #4e5152;\">www.norskboligservice.com<\/span><\/h4>\n<\/header>\n\n\t\t<\/div>\n\t<\/div>\n<div class=\"g5plus-space space-69f0ef7d7a1da\" data-id=\"69f0ef7d7a1da\" data-tablet=\"70\" data-tablet-portrait=\"60\" data-mobile=\"40\" data-mobile-landscape=\"50\" style=\"clear: both; display: block; height: 90px\"><\/div><\/div><\/div><\/div><\/div><div class=\"vc_row-full-width vc_clearfix\"><\/div><div class=\"vc_row wpb_row vc_row-fluid\"><div class=\"wpb_column vc_column_container vc_col-sm-12\"><div class=\"vc_column-inner\"><div class=\"wpb_wrapper\"><div class=\"g5plus-space space-69f0ef7d7a41d\" data-id=\"69f0ef7d7a41d\" data-tablet=\"70\" data-tablet-portrait=\"60\" data-mobile=\"40\" data-mobile-landscape=\"50\" style=\"clear: both; display: block; height: 90px\"><\/div>\n\t<div class=\"wpb_text_column wpb_content_element\" >\n\t\t<div class=\"wpb_wrapper\">\n\t\t\t<header class=\"text-center\">\n<h4 style=\"text-align: left;\">I. RETNINGSLINJER FOR PERSONVERN OG DATABESKYTTELSE<\/h4>\n<\/header>\n<div>\n<div>\n<p>Respektere bestemmelsene i gjeldende lovgivning, <span class=\"blanc-space ng-binding\">Norsk Boligservice<\/span> (heretter ogs\u00e5 nettstedet) forplikter seg til \u00e5 iverksette n\u00f8dvendige tekniske og organisatoriske tiltak, i henhold til et sikkerhetsniv\u00e5 som er tilpasset risikoen for de innsamlede opplysningene.<\/p>\n<h4>Lover som er innlemmet i denne personvernerkl\u00e6ringen<\/h4>\n<p>Denne personvernerkl\u00e6ringen er tilpasset gjeldende spansk og europeisk lovgivning om beskyttelse av personopplysninger p\u00e5 Internett. N\u00e6rmere bestemt respekterer den f\u00f8lgende regler:<\/p>\n<ul>\n<li>Europaparlaments- og r\u00e5dsforordning (EU) 2016\/679 av 27. april 2016 om vern av fysiske personer i forbindelse med behandling av personopplysninger og om fri utveksling av slike opplysninger (GDPR).<\/li>\n<li>Organisk lov 3\/2018 av 5. desember om beskyttelse av personopplysninger og sikring av digitale rettigheter (LOPD-GDD).<\/li>\n<li>Kongelig resolusjon 1720\/2007, av 21. desember, om godkjenning av forskrift om gjennomf\u00f8ring av organisk lov 15\/1999, av 13. desember, om beskyttelse av personopplysninger (RDLOPD).<\/li>\n<li>Lov 34\/2002, av 11. juli, om tjenester i informasjonssamfunnet og elektronisk handel (LSSI-CE).<\/li>\n<\/ul>\n<h4>Identiteten til den behandlingsansvarlige som behandler personopplysningene<\/h4>\n<p class=\"\">Den behandlingsansvarlige for behandling av personopplysninger som samles inn i <span class=\"blanc-space ng-binding\">Norsk Boligservice<\/span> en: <span class=\"blanc-space ng-binding\">Norsk Boligservice S.L.<\/span>med skatteidentifikasjonsnummer (NIF\/CIF): <span class=\"blanc-space ng-binding\">MERVERDIAVGIFTSNUMMER: B76222645<\/span> og registrert i: <span class=\"blanc-space ng-binding\">Registrert i handelsregisteret i Las Palmas, side GC-49716 bind 2112 folio 146, 1. p\u00e5skrift<\/span> med f\u00f8lgende registreringsdetaljer: <span class=\"blanc-space ng-binding\">Norsk Boligservice S.L. calle Angel Guimera 1, local B, 35120 Arguineguin - firmaadresse CIF : B76222645<\/span>hvis representant er: <span class=\"blanc-space ng-binding\">Judit Bauman<\/span> (heretter kalt den behandlingsansvarlige). Kontaktopplysningene er som f\u00f8lger:<\/p>\n<p>Adresse: <span class=\"blanc-space ng-binding\">Calle Angel Guimera 1, local B, 35120 Arguineguin - registrert adresse<\/span><\/p>\n<p>Telefonnummer til kontaktperson: <span class=\"blanc-space ng-binding\">928185004<\/span><\/p>\n<p>Kontakt e-post: <span class=\"blanc-space ng-binding\">info@norskboligservice.com<\/span><\/p>\n<h4>Register over personopplysninger<\/h4>\n<p>I samsvar med bestemmelsene i RGPD og LOPD-GDD, informerer vi deg om at personopplysningene som samles inn av <span class=\"blanc-space ng-binding\">Norsk Boligservice<\/span>ved hjelp av skjemaene p\u00e5 sidene deres vil bli innlemmet og behandlet i v\u00e5rt arkiv for \u00e5 forenkle, fremskynde og oppfylle forpliktelsene som er etablert mellom <span class=\"blanc-space ng-binding\">Norsk Boligservice<\/span> og brukeren eller for \u00e5 opprettholde forholdet som er etablert i skjemaene som er fylt ut av brukeren, eller for \u00e5 svare p\u00e5 en foresp\u00f8rsel eller henvendelse fra brukeren. I samsvar med bestemmelsene i RGPD og LOPD-GDD, med mindre unntaket i artikkel 30.5 i RGPD kommer til anvendelse, f\u00f8res det et register over behandlingsaktiviteter som spesifiserer, i henhold til form\u00e5lene, behandlingsaktivitetene som utf\u00f8res og de andre omstendighetene som er fastsatt i RGPD.<\/p>\n<h4>Prinsipper som gjelder for behandling av personopplysninger<\/h4>\n<p>Behandlingen av brukerens personopplysninger skal v\u00e6re underlagt f\u00f8lgende prinsipper som er fastsatt i artikkel 5 i RGPD og i artikkel 4 ff. i organisk lov 3\/2018, av 5. desember, om beskyttelse av personopplysninger og garanti for digitale rettigheter:<\/p>\n<ul>\n<li>Prinsippet om lovlighet, rettferdighet og \u00e5penhet: Brukerens samtykke skal til enhver tid kreves etter fullstendig og \u00e5pen informasjon om form\u00e5let med innsamlingen av personopplysningene.<\/li>\n<li>Prinsippet om form\u00e5lsbegrensning: Personopplysninger samles inn til spesifiserte, eksplisitte og legitime form\u00e5l.<\/li>\n<li>Prinsippet om dataminimering: Personopplysningene som samles inn, er kun de som er strengt n\u00f8dvendige for de form\u00e5lene de behandles for.<\/li>\n<li>Prinsippet om n\u00f8yaktighet: Personopplysninger m\u00e5 v\u00e6re n\u00f8yaktige og alltid oppdaterte.<\/li>\n<li>Prinsippet om begrensning av lagringsperioden: Personopplysninger vil kun bli lagret i en form som gj\u00f8r det mulig \u00e5 identifisere brukeren i den tiden som er n\u00f8dvendig for form\u00e5let med behandlingen.<\/li>\n<li>Prinsippet om integritet og konfidensialitet: Personopplysninger skal behandles p\u00e5 en m\u00e5te som sikrer deres sikkerhet og konfidensialitet.<\/li>\n<li>Prinsippet om proaktivt ansvar: Den behandlingsansvarlige skal v\u00e6re ansvarlig for \u00e5 sikre at de ovennevnte prinsippene overholdes.<\/li>\n<\/ul>\n<h4>Kategorier av personopplysninger<\/h4>\n<p>Kategoriene av data som behandles i <span class=\"blanc-space ng-binding\">Norsk Boligservice<\/span> er utelukkende identifikasjonsdata. Under ingen omstendigheter behandles spesielle kategorier av personopplysninger i henhold til artikkel 9 i personvernforordningen.<\/p>\n<h4>Rettslig grunnlag for behandling av personopplysninger<\/h4>\n<p>Det rettslige grunnlaget for behandling av personopplysninger er samtykke. <span class=\"blanc-space ng-binding\">Norsk Boligservice<\/span> forplikter seg til \u00e5 innhente uttrykkelig og verifiserbart samtykke fra brukeren til behandling av hans eller hennes personopplysninger for ett eller flere spesifikke form\u00e5l.<\/p>\n<p>Brukeren skal ha rett til \u00e5 trekke tilbake samtykket n\u00e5r som helst. Det skal v\u00e6re like enkelt \u00e5 trekke tilbake samtykket som det er \u00e5 gi det. Som hovedregel skal tilbaketrekking av samtykke ikke v\u00e6re en betingelse for bruk av nettstedet.<\/p>\n<p>I de tilfellene der brukeren m\u00e5 eller kan oppgi opplysninger gjennom skjemaer for \u00e5 gj\u00f8re foresp\u00f8rsler, be om informasjon eller av grunner knyttet til innholdet p\u00e5 nettstedet, vil han\/hun bli informert i tilfelle utfylling av noen av dem er obligatorisk p\u00e5 grunn av at de er avgj\u00f8rende for en korrekt utvikling av den utf\u00f8rte operasjonen.<\/p>\n<h4>Form\u00e5lene med behandlingen som personopplysningene brukes til<\/h4>\n<p>Personopplysninger samles inn og behandles av <span class=\"blanc-space ng-binding\">Norsk Boligservice<\/span> for \u00e5 forenkle, fremskynde og oppfylle forpliktelsene som er etablert mellom nettstedet og brukeren, eller for \u00e5 opprettholde forholdet som er etablert i skjemaene som er fylt ut av sistnevnte, eller for \u00e5 svare p\u00e5 en foresp\u00f8rsel eller et sp\u00f8rsm\u00e5l.<\/p>\n<p>P\u00e5 samme m\u00e5te kan opplysningene brukes til kommersielle, personaliserte, driftsmessige og statistiske form\u00e5l, samt til aktiviteter som er knyttet til selskapets form\u00e5l. <span class=\"blanc-space ng-binding\">Norsk Boligservice<\/span>Dataene som samles inn, lagres og brukes til markedsf\u00f8ringsstudier for \u00e5 tilpasse innholdet som tilbys brukeren, samt for \u00e5 forbedre kvaliteten, driften og navigeringen p\u00e5 nettstedet.<\/p>\n<p>P\u00e5 det tidspunktet personopplysningene samles inn, vil brukeren bli informert om de(t) spesifikke form\u00e5let(ene) med behandlingen som personopplysningene vil bli brukt til, dvs. hva de innsamlede opplysningene skal brukes til.<\/p>\n<h4>Oppbevaringsperioder for personopplysninger<\/h4>\n<p>Personopplysningene vil bare bli lagret s\u00e5 lenge det er n\u00f8dvendig for form\u00e5let med behandlingen, og under alle omstendigheter bare i f\u00f8lgende periode: <span class=\"blanc-space ng-binding\">3 \u00e5r<\/span>eller til brukeren ber om at den slettes.<\/p>\n<p>P\u00e5 det tidspunktet personopplysningene innhentes, vil brukeren bli informert om hvor lenge personopplysningene vil bli lagret, eller, dersom dette ikke er mulig, hvilke kriterier som er lagt til grunn for \u00e5 fastsette denne perioden.<\/p>\n<h4>Mottakere av personopplysninger<\/h4>\n<p>Brukerens personopplysninger vil bli delt med f\u00f8lgende mottakere eller kategorier av mottakere:<\/p>\n<p class=\"text-wrap ng-binding\">DigitalOcean Inc, New York, USA: https:\/\/www.digitalocean.com<\/p>\n<p>Dersom Behandlingsansvarlig har til hensikt \u00e5 overf\u00f8re personopplysninger til et tredjeland eller en internasjonal organisasjon, skal Brukeren p\u00e5 det tidspunktet personopplysningene innhentes, informeres om tredjelandet eller den internasjonale organisasjonen som opplysningene skal overf\u00f8res til, samt om det foreligger en beslutning om tilstrekkelig beskyttelsesniv\u00e5 fra Kommisjonen.<\/p>\n<h4>Personopplysninger om mindre\u00e5rige<\/h4>\n<p>I samsvar med bestemmelsene i artikkel 8 i GDPR og artikkel 7 i organisk lov 3\/2018, av 5. desember, om beskyttelse av personopplysninger og garanti for digitale rettigheter, kan bare personer over 14 \u00e5r gi sitt samtykke til behandling av personopplysningene sine p\u00e5 en lovlig m\u00e5te ved \u00e5 <span class=\"blanc-space ng-binding\">Norsk Boligservice<\/span>. N\u00e5r det gjelder barn under 14 \u00e5r, kreves det samtykke fra foreldre eller foresatte for behandlingen, og behandlingen er bare lovlig i den utstrekning foreldrene eller foresatte har gitt sitt samtykke.<\/p>\n<h4>Hemmelighold og sikkerhet for personopplysninger<\/h4>\n<p><span class=\"blanc-space ng-binding\">Norsk Boligservice<\/span> forplikter seg til \u00e5 iverksette n\u00f8dvendige tekniske og organisatoriske tiltak, i henhold til et sikkerhetsniv\u00e5 som er tilpasset risikoen ved de innsamlede opplysningene, for \u00e5 sikre personopplysningene og forhindre utilsiktet eller ulovlig \u00f8deleggelse, tap eller endring av personopplysninger som overf\u00f8res, lagres eller behandles p\u00e5 annen m\u00e5te, eller uautorisert videreformidling av eller tilgang til slike opplysninger.<\/p>\n<p class=\"\">Nettstedet har et SSL-sertifikat (Secure Socket Layer), som sikrer at personopplysninger overf\u00f8res sikkert og konfidensielt, ettersom overf\u00f8ringen av data mellom serveren og brukeren, og i retur, er fullstendig kryptert eller kodet.<\/p>\n<p>Men fordi <span class=\"blanc-space ng-binding\">Norsk Boligservice<\/span> ikke kan garantere at Internett er ugjennomtrengelig eller at det ikke finnes hackere eller andre som p\u00e5 uredelig vis f\u00e5r tilgang til personopplysninger, forplikter Behandlingsansvarlig seg til \u00e5 varsle Brukeren uten ugrunnet opphold n\u00e5r det oppst\u00e5r et brudd p\u00e5 personopplysningssikkerheten som sannsynligvis vil f\u00f8re til en h\u00f8y risiko for fysiske personers rettigheter og friheter. I henhold til artikkel 4 i GDPR betyr brudd p\u00e5 personopplysningssikkerheten ethvert brudd p\u00e5 sikkerheten som f\u00f8rer til utilsiktet eller ulovlig \u00f8deleggelse, tap eller endring av personopplysninger som overf\u00f8res, lagres eller behandles p\u00e5 annen m\u00e5te, eller uautorisert utlevering av eller tilgang til slike opplysninger.<\/p>\n<p>Personopplysningene vil bli behandlet konfidensielt av den behandlingsansvarlige, som forplikter seg til \u00e5 informere og ved hjelp av en juridisk eller kontraktsmessig forpliktelse s\u00f8rge for at slik konfidensialitet respekteres av sine ansatte, samarbeidspartnere og enhver annen person som f\u00e5r tilgang til opplysningene.<\/p>\n<h4>Rettigheter som oppst\u00e5r som f\u00f8lge av behandling av personopplysninger<\/h4>\n<p>Brukeren har over <span class=\"blanc-space ng-binding\">Norsk Boligservice<\/span> og kan derfor ut\u00f8ve f\u00f8lgende rettigheter som er anerkjent i GDPR og organisk lov 3\/2018, av 5. desember, om beskyttelse av personopplysninger og garanti for digitale rettigheter mot behandlingsansvarlig:<\/p>\n<ul>\n<li><i>Rett til innsyn:<\/i> Brukeren har rett til \u00e5 f\u00e5 bekreftet hvorvidt <span class=\"blanc-space ng-binding\">Norsk Boligservice<\/span> behandler eller ikke behandler personopplysningene dine, og i s\u00e5 fall \u00e5 f\u00e5 informasjon om de spesifikke personopplysningene dine og behandlingen som <span class=\"blanc-space ng-binding\">Norsk Boligservice<\/span>Den registrerte skal ogs\u00e5 informeres om tilgjengelig informasjon om opprinnelsen til slike opplysninger og mottakerne av kommunikasjonen som er gjort eller planlagt gjort av slike opplysninger.<\/li>\n<li><i>Rett til retting:<\/i> Dette er brukerens rett til \u00e5 f\u00e5 personopplysningene endret dersom de viser seg \u00e5 v\u00e6re uriktige eller ufullstendige i forhold til form\u00e5let med behandlingen.<\/li>\n<li><i>Rett til sletting (\"retten til \u00e5 bli glemt\"):<\/i> Dette er brukerens rett, med mindre annet er fastsatt i lov, til \u00e5 f\u00e5 personopplysningene slettet n\u00e5r de ikke lenger er n\u00f8dvendige for de form\u00e5lene de ble samlet inn eller behandlet for; brukeren har trukket tilbake sitt samtykke til behandlingen og det ikke finnes noe annet lovlig grunnlag for behandlingen; brukeren motsetter seg behandlingen og det ikke finnes noen annen legitim grunn til \u00e5 fortsette behandlingen; personopplysningene har blitt behandlet ulovlig; personopplysningene m\u00e5 slettes i samsvar med en rettslig forpliktelse; eller personopplysningene har blitt innhentet som et resultat av et direkte tilbud om informasjonssamfunnstjenester til en person under 14 \u00e5r. I tillegg til sletting skal den behandlingsansvarlige, under hensyntagen til tilgjengelig teknologi og kostnadene ved gjennomf\u00f8ringen, ta rimelige skritt for \u00e5 informere behandlingsansvarlige som behandler personopplysningene, om den registrertes anmodning om sletting av enhver kobling til disse personopplysningene.<\/li>\n<li><i>Rett til begrensning av behandling:<\/i> Dette er brukerens rett til \u00e5 begrense behandlingen av hans eller hennes personopplysninger. Brukeren har rett til \u00e5 f\u00e5 behandlingen begrenset n\u00e5r han\/hun bestrider riktigheten av personopplysningene, n\u00e5r behandlingen er ulovlig, n\u00e5r den behandlingsansvarlige ikke lenger trenger personopplysningene, men brukeren trenger dem for \u00e5 fremme krav, og n\u00e5r brukeren har protestert mot behandlingen.<\/li>\n<li><i>Rett til dataportabilitet:<\/i> Ved automatisert behandling skal brukeren ha rett til \u00e5 motta personopplysningene fra den behandlingsansvarlige i et strukturert, alminnelig anvendt og maskinlesbart format og til \u00e5 overf\u00f8re dem til en annen behandlingsansvarlig. Der det er teknisk mulig, skal den behandlingsansvarlige overf\u00f8re opplysningene direkte til en slik annen behandlingsansvarlig.<\/li>\n<li><i>Rett til \u00e5 protestere:<\/i> Dette er brukerens rett til \u00e5 ikke f\u00e5 sine personopplysninger behandlet eller til \u00e5 f\u00e5 behandlingen av slike opplysninger stoppet av <span class=\"blanc-space ng-binding\">Norsk Boligservice<\/span>.<\/li>\n<li><i>Retten til ikke \u00e5 bli gjenstand for en avgj\u00f8relse som utelukkende er basert p\u00e5 automatisert behandling, herunder profilering:<\/i> Dette er brukerens rett til ikke \u00e5 bli gjenstand for en individualisert beslutning som utelukkende er basert p\u00e5 automatisert behandling av hans eller hennes personopplysninger, herunder profilering, med mindre annet er fastsatt i lov.<\/li>\n<\/ul>\n<p>Brukeren kan derfor ut\u00f8ve sine rettigheter ved \u00e5 sende en skriftlig henvendelse til behandlingsansvarlig med referansen \"RGPD-.<span class=\"blanc-space ng-binding\">www.norskboligservice.com<\/span>\", og spesifiserer:<\/p>\n<ul>\n<li>Brukerens navn, etternavn(er) og kopi av ID-kort. I tilfeller der representasjon er tillatt, vil det ogs\u00e5 v\u00e6re n\u00f8dvendig \u00e5 identifisere personen som representerer brukeren p\u00e5 samme m\u00e5te, samt dokumentet som godkjenner representasjonen. Fotokopien av DNI kan erstattes av et hvilket som helst annet juridisk gyldig middel som bekrefter identiteten.<\/li>\n<li>Foresp\u00f8rsel med spesifikk begrunnelse for foresp\u00f8rselen eller informasjonen du \u00f8nsker tilgang til.<\/li>\n<li>Adresse for varsling.<\/li>\n<li>Dato og underskrift av s\u00f8keren.<\/li>\n<li>Ethvert dokument som underbygger foresp\u00f8rselen du kommer med.<\/li>\n<\/ul>\n<p>Denne s\u00f8knaden og eventuelle medf\u00f8lgende dokumenter kan sendes til f\u00f8lgende adresse og\/eller e-postadresse:<\/p>\n<p>Postadresse <span class=\"blanc-space ng-binding\">Calle Angel Guimera 1, local B, 35120 Arguineguin - registrert adresse<\/span><\/p>\n<p>E-post: <span class=\"blanc-space ng-binding\">info@norskboligservice.com<\/span><\/p>\n<h4>Lenker til tredjeparts nettsteder<\/h4>\n<p>Nettstedet kan inneholde hyperkoblinger eller lenker som gir tilgang til andre tredjeparts nettsteder enn <span class=\"blanc-space ng-binding\">Norsk Boligservice<\/span>og som derfor ikke drives av <span class=\"blanc-space ng-binding\">Norsk Boligservice<\/span>. Eierne av slike nettsteder vil ha sine egne retningslinjer for personvern, og de er i hvert enkelt tilfelle selv ansvarlige for sine egne filer og sin egen personvernpraksis.<\/p>\n<h4>Klager til tilsynsmyndigheten<\/h4>\n<p>Dersom brukeren mener at det foreligger et problem eller brudd p\u00e5 gjeldende regelverk i forbindelse med behandlingen av hans\/hennes personopplysninger, har han\/hun rett til effektiv rettslig beskyttelse og til \u00e5 klage til en tilsynsmyndighet, s\u00e6rlig i den staten der han\/hun har sitt vanlige bosted, sitt arbeidssted eller der det p\u00e5st\u00e5tte bruddet har funnet sted. I Spania er tilsynsmyndigheten det spanske datatilsynet (https:\/\/www.aepd.es\/).<\/p>\n<h4>II. AKSEPT OG ENDRINGER AV DENNE PERSONVERNERKL\u00c6RINGEN<\/h4>\n<p>Det er n\u00f8dvendig at brukeren har lest og godtar vilk\u00e5rene for beskyttelse av personopplysninger i denne personvernerkl\u00e6ringen, samt at han\/hun godtar behandlingen av personopplysningene sine, slik at behandlingsansvarlig kan fortsette p\u00e5 den m\u00e5ten, i de periodene og til de form\u00e5lene som er angitt. Bruk av nettstedet inneb\u00e6rer aksept av personvernerkl\u00e6ringen.<\/p>\n<p><span class=\"blanc-space ng-binding\">Norsk Boligservice<\/span> forbeholder seg retten til \u00e5 endre personvernerkl\u00e6ringen i henhold til egne kriterier, eller som f\u00f8lge av endringer i lovgivning, rettspraksis eller doktrine fra det spanske databeskyttelsesbyr\u00e5et. Endringer eller oppdateringer av denne personvernerkl\u00e6ringen vil ikke bli eksplisitt varslet til brukeren. Brukeren anbefales \u00e5 konsultere denne siden med jevne mellomrom for \u00e5 holde seg oppdatert om de siste endringene eller oppdateringene.<\/p>\n<p>Denne personvernerkl\u00e6ringen er oppdatert for \u00e5 tilpasse seg Europaparlamentets og R\u00e5dets forordning (EU) 2016\/679 av 27. april 2016 om beskyttelse av fysiske personer i forbindelse med behandling av personopplysninger og om fri utveksling av slike opplysninger (GDPR) og til organisk lov 3\/2018 av 5. desember om beskyttelse av personopplysninger og garanti for digitale rettigheter.<\/p>\n<p>Dette dokumentet om personvernregler for et nettsted er opprettet ved hjelp av <a class=\"text-body text-decoration-none\" href=\"https:\/\/textos-legales.edgartamarit.com\/\">gratis mal for personvernerkl\u00e6ring p\u00e5 nett<\/a>online den 18\/04\/2024.<\/p>\n<\/div>\n<\/div>\n\n\t\t<\/div>\n\t<\/div>\n<div class=\"g5plus-space space-69f0ef7d7a670\" data-id=\"69f0ef7d7a670\" data-tablet=\"70\" data-tablet-portrait=\"60\" data-mobile=\"40\" data-mobile-landscape=\"50\" style=\"clear: both; display: block; height: 90px\"><\/div><\/div><\/div><\/div><\/div>","protected":false},"excerpt":{"rendered":"Personvernerkl\u00e6ring www.norskboligservice.com I. POLITIKK FOR PERSONVERN OG DATABESKYTTELSE Norsk Boligservice (heretter ogs\u00e5 Nettstedet) forplikter seg til \u00e5 iverksette n\u00f8dvendige tekniske og organisatoriske tiltak, i henhold til sikkerhetsniv\u00e5et som er tilpasset risikoen for de innsamlede opplysningene, i samsvar med gjeldende lovgivning. Lover som denne personvernerkl\u00e6ringen inkorporerer [...]","protected":false},"author":1,"featured_media":0,"parent":0,"menu_order":0,"comment_status":"closed","ping_status":"closed","template":"","meta":{"footnotes":""},"class_list":["post-6818","page","type-page","status-publish","hentry"],"_links":{"self":[{"href":"https:\/\/test.norskboligservice.com\/no\/wp-json\/wp\/v2\/pages\/6818","targetHints":{"allow":["GET"]}}],"collection":[{"href":"https:\/\/test.norskboligservice.com\/no\/wp-json\/wp\/v2\/pages"}],"about":[{"href":"https:\/\/test.norskboligservice.com\/no\/wp-json\/wp\/v2\/types\/page"}],"author":[{"embeddable":true,"href":"https:\/\/test.norskboligservice.com\/no\/wp-json\/wp\/v2\/users\/1"}],"replies":[{"embeddable":true,"href":"https:\/\/test.norskboligservice.com\/no\/wp-json\/wp\/v2\/comments?post=6818"}],"version-history":[{"count":9,"href":"https:\/\/test.norskboligservice.com\/no\/wp-json\/wp\/v2\/pages\/6818\/revisions"}],"predecessor-version":[{"id":10452,"href":"https:\/\/test.norskboligservice.com\/no\/wp-json\/wp\/v2\/pages\/6818\/revisions\/10452"}],"wp:attachment":[{"href":"https:\/\/test.norskboligservice.com\/no\/wp-json\/wp\/v2\/media?parent=6818"}],"curies":[{"name":"wp","href":"https:\/\/api.w.org\/{rel}","templated":true}]}}