{"id":6826,"date":"2024-04-18T10:37:14","date_gmt":"2024-04-18T10:37:14","guid":{"rendered":"http:\/\/norskboligservice.com\/?page_id=6826"},"modified":"2024-10-23T15:59:27","modified_gmt":"2024-10-23T15:59:27","slug":"aviso-legal","status":"publish","type":"page","link":"https:\/\/test.norskboligservice.com\/no\/aviso-legal\/","title":{"rendered":"Juridisk merknad"},"content":{"rendered":"<div data-vc-full-width=\"true\" data-vc-full-width-init=\"false\" data-vc-parallax=\"1.5\" class=\"vc_row wpb_row vc_row-fluid vc_custom_1713435771368 vc_row-has-fill vc_general vc_parallax vc_parallax-content-moving\"><div class=\"wpb_column vc_column_container vc_col-sm-12\"><div class=\"vc_column-inner\"><div class=\"wpb_wrapper\"><div class=\"g5plus-space space-69f0ee16bfc1b\" data-id=\"69f0ee16bfc1b\" data-tablet=\"70\" data-tablet-portrait=\"60\" data-mobile=\"40\" data-mobile-landscape=\"50\" style=\"clear: both; display: block; height: 90px\"><\/div>\n\t<div class=\"wpb_text_column wpb_content_element\" >\n\t\t<div class=\"wpb_wrapper\">\n\t\t\t<header class=\"text-center\">\n<h2 class=\"m-auto\"><span style=\"color: #4e5152;\">Juridisk merknad<br \/>\n<\/span><\/h2>\n<h4><span class=\"blanc-space ng-binding\" style=\"color: #4e5152;\">www.norskboligservice.com<\/span><\/h4>\n<\/header>\n\n\t\t<\/div>\n\t<\/div>\n<div class=\"g5plus-space space-69f0ee16bfd0d\" data-id=\"69f0ee16bfd0d\" data-tablet=\"70\" data-tablet-portrait=\"60\" data-mobile=\"40\" data-mobile-landscape=\"50\" style=\"clear: both; display: block; height: 90px\"><\/div><\/div><\/div><\/div><\/div><div class=\"vc_row-full-width vc_clearfix\"><\/div><div class=\"vc_row wpb_row vc_row-fluid\"><div class=\"wpb_column vc_column_container vc_col-sm-12\"><div class=\"vc_column-inner\"><div class=\"wpb_wrapper\"><div class=\"g5plus-space space-69f0ee16bff55\" data-id=\"69f0ee16bff55\" data-tablet=\"70\" data-tablet-portrait=\"60\" data-mobile=\"40\" data-mobile-landscape=\"50\" style=\"clear: both; display: block; height: 90px\"><\/div>\n\t<div class=\"wpb_text_column wpb_content_element\" >\n\t\t<div class=\"wpb_wrapper\">\n\t\t\t<header class=\"text-center\"><\/header>\n<div>\n<header class=\"text-center\">\n<h3 style=\"text-align: left;\">I. GENERELL INFORMASJON<\/h3>\n<\/header>\n<div>\n<p>I samsvar med informasjonsplikten som er fastsatt i lov 34\/2002 om tjenester i informasjonssamfunnet og elektronisk handel (LSSI-CE) av 11. juli, gis f\u00f8lgende generelle informasjon om dette nettstedet nedenfor:<\/p>\n<p class=\"\">Eierskapet til dette nettstedet, <span class=\"blanc-space ng-binding\">www.norskboligservice.com<\/span>(heretter kalt nettstedet) innehar den: <span class=\"blanc-space ng-binding\">Norsk Boligservice S.L.<\/span>med et skatteidentifikasjonsnummer: <span class=\"blanc-space ng-binding\">CIF : B76222645<\/span> og registrert i: <span class=\"blanc-space ng-binding\">Registrert i handelsregisteret i Las Palmas, side GC-49716 bind 2112 folio 146, 1. p\u00e5skrift<\/span> med f\u00f8lgende registreringsdetaljer: <span class=\"blanc-space ng-binding\">Norsk Boligservice S.L. calle Angel Guimera 1, local B, 35120 Arguineguin - firmaadresse CIF : B76222645<\/span>hvis representant er: <span class=\"blanc-space ng-binding\">Judit Bauman<\/span>og hvis kontaktinformasjon er<\/p>\n<p>Adresse: <span class=\"blanc-space ng-binding\">Calle Angel Guimera 1, local B, 35120 Arguineguin - registrert adresse<\/span><\/p>\n<p>Telefonnummer til kontaktperson: <span class=\"blanc-space ng-binding\">928185004<\/span><\/p>\n<p>Kontakt e-post: <span class=\"blanc-space ng-binding\">info@norskboligservice.com<\/span><\/p>\n<h3>II. GENERELLE VILK\u00c5R OG BETINGELSER FOR BRUK<\/h3>\n<h4>Gjenstanden for vilk\u00e5rene og betingelsene: Nettstedet<\/h4>\n<p>Form\u00e5let med disse Generelle bruksvilk\u00e5rene (heretter kalt Vilk\u00e5rene) er \u00e5 regulere tilgangen til og bruken av Nettstedet. I disse vilk\u00e5rene skal nettstedet forst\u00e5s som: det ytre utseendet til skjermgrensesnittene, b\u00e5de statiske og dynamiske, dvs. navigasjonstreet, og alle elementene som er integrert b\u00e5de i skjermgrensesnittene og i navigasjonstreet (heretter kalt Innhold) og alle de nettbaserte tjenestene eller ressursene som kan tilbys brukerne (heretter kalt Tjenester).<\/p>\n<p><span class=\"blanc-space ng-binding\">Norsk Boligservice<\/span> forbeholder seg retten til n\u00e5r som helst og uten forvarsel \u00e5 endre presentasjonen og konfigurasjonen av Nettstedet og Innholdet og Tjenestene som kan v\u00e6re innlemmet der. Brukeren erkjenner og aksepterer at til enhver tid <span class=\"blanc-space ng-binding\">Norsk Boligservice<\/span> kan avbryte, deaktivere og\/eller kansellere noen av disse elementene som er integrert i nettstedet eller tilgangen til dem.<\/p>\n<p>Brukerens tilgang til nettstedet er gratis og som hovedregel kostnadsfri, uten at brukeren m\u00e5 betale noe for \u00e5 f\u00e5 tilgang, med unntak av kostnadene for tilkobling via telenettet som leveres av den leverand\u00f8ren brukeren har inng\u00e5tt avtale med.<\/p>\n<p>Bruken av noe av innholdet eller tjenestene p\u00e5 nettstedet kan gj\u00f8res ved at brukeren p\u00e5 forh\u00e5nd abonnerer eller registrerer seg.<\/p>\n<h4>Brukeren<\/h4>\n<p>Tilgang til, surfing p\u00e5 og bruk av Nettstedet, samt omr\u00e5dene som er tilgjengelig for interaksjon mellom Brukerne, og Brukeren og <span class=\"blanc-space ng-binding\">Norsk Boligservice<\/span>Bruken av nettstedet, for eksempel kommentarer og\/eller blogging, gir brukeren status som bruker, og fra det \u00f8yeblikket brukeren begynner \u00e5 surfe p\u00e5 nettstedet, aksepterer han\/hun derfor alle vilk\u00e5rene som er fastsatt her, samt eventuelle senere endringer, uten at det ber\u00f8rer anvendelsen av de tilsvarende lovbestemmelsene som m\u00e5 overholdes i hvert enkelt tilfelle. P\u00e5 grunn av relevansen av det ovennevnte anbefales brukeren \u00e5 lese dem hver gang han\/hun bes\u00f8ker nettstedet.<\/p>\n<p>Nettstedet til <span class=\"blanc-space ng-binding\">Norsk Boligservice<\/span> tilbyr et bredt spekter av informasjon, tjenester og data. Brukeren p\u00e5tar seg ansvaret for korrekt bruk av nettstedet. Dette ansvaret strekker seg til:<\/p>\n<ul>\n<li>Bruk av informasjon, innhold og\/eller tjenester og data som tilbys av <span class=\"blanc-space ng-binding\">Norsk Boligservice<\/span> uten \u00e5 v\u00e6re i strid med bestemmelsene i disse vilk\u00e5rene, loven, moral eller offentlig orden, eller som p\u00e5 annen m\u00e5te kan v\u00e6re skadelig for tredjeparts rettigheter eller for driften av nettstedet.<\/li>\n<li>Sannhetsgehalten og lovligheten av informasjonen som brukeren oppgir p\u00e5 skjemaene som leveres av <span class=\"blanc-space ng-binding\">Norsk Boligservice<\/span> for tilgang til bestemt innhold eller tjenester som tilbys av nettstedet. I alle tilfeller skal Brukeren umiddelbart varsle til <span class=\"blanc-space ng-binding\">Norsk Boligservice<\/span> om enhver hendelse som gj\u00f8r det mulig \u00e5 misbruke informasjonen som er registrert i slike skjemaer, for eksempel, men ikke begrenset til, tyveri, tap eller uautorisert tilgang til identifikatorer og\/eller passord, for \u00e5 f\u00e5 dem kansellert umiddelbart.<\/li>\n<\/ul>\n<p><span class=\"blanc-space ng-binding\">Norsk Boligservice<\/span> forbeholder seg retten til \u00e5 fjerne alle kommentarer og bidrag som bryter med loven, respekten for menneskeverdet, som er diskriminerende, fremmedfiendtlige, rasistiske, pornografiske, spamming, som krenker ungdom eller barndom, offentlig orden eller sikkerhet, eller som etter v\u00e5r mening ikke er egnet for publisering.<\/p>\n<p>I alle fall.., <span class=\"blanc-space ng-binding\">Norsk Boligservice<\/span> skal ikke v\u00e6re ansvarlig for meninger som uttrykkes av brukere gjennom kommentarer eller andre blogg- eller deltakelsesverkt\u00f8y som m\u00e5tte v\u00e6re tilgjengelige.<\/p>\n<p>Tilgang til dette nettstedet inneb\u00e6rer ikke etablering av noe kommersielt forhold mellom <span class=\"blanc-space ng-binding\">Norsk Boligservice<\/span> og brukeren.<\/p>\n<p class=\"\">I samsvar med gjeldende lovgivning er dette nettstedet til <span class=\"blanc-space ng-binding\">Norsk Boligservice<\/span> er rettet til alle personer, uavhengig av alder, som kan f\u00e5 tilgang til og\/eller surfe p\u00e5 sidene p\u00e5 nettstedet.<\/p>\n<h3>III. TILGANG TIL OG NAVIGERING P\u00c5 NETTSTEDET: UTELUKKELSE AV GARANTIER OG ANSVAR<\/h3>\n<p><span class=\"blanc-space ng-binding\">Norsk Boligservice<\/span> garanterer ikke kontinuiteten, tilgjengeligheten og nytten av nettstedet, innholdet eller tjenestene. <span class=\"blanc-space ng-binding\">Norsk Boligservice<\/span>vil gj\u00f8re sitt ytterste for \u00e5 sikre at nettstedet fungerer problemfritt, men gir ingen garanti for at tilgangen til nettstedet vil v\u00e6re uavbrutt eller feilfri.<\/p>\n<p>Det p\u00e5tar seg heller ikke noe ansvar eller noen garanti for at innholdet eller programvaren som er tilgjengelig via dette nettstedet er feilfritt eller for\u00e5rsaker skade p\u00e5 brukerens datasystem (programvare og maskinvare). Under ingen omstendigheter <span class=\"blanc-space ng-binding\">Norsk Boligservice<\/span> skal v\u00e6re ansvarlig for tap, skade eller ulempe av noe slag som oppst\u00e5r som f\u00f8lge av tilgang til, surfing p\u00e5 og bruk av nettstedet, inkludert, men ikke begrenset til, tap, skade eller ulempe for\u00e5rsaket av datasystemer eller for\u00e5rsaket av innf\u00f8ring av virus.<\/p>\n<p><span class=\"blanc-space ng-binding\">Norsk Boligservice<\/span> skal ikke holdes ansvarlig for eventuelle skader som kan p\u00e5f\u00f8res brukerne p\u00e5 grunn av upassende bruk av dette nettstedet. I s\u00e6rdeleshet er vi ikke p\u00e5 noen m\u00e5te ansvarlig for eventuelle telekommunikasjonssvikt, avbrudd, feil eller mangler som m\u00e5tte oppst\u00e5.<\/p>\n<h3>IV. KOBLINGSPOLITIKK<\/h3>\n<p>V\u00e6r oppmerksom p\u00e5 at nettstedet til <span class=\"blanc-space ng-binding\">Norsk Boligservice<\/span> gj\u00f8r eller kan gj\u00f8re tilgjengelig for brukere lenker (som blant annet lenker, bannere, knapper), kataloger og s\u00f8kemotorer som gir brukere tilgang til nettsteder som tilh\u00f8rer og\/eller administreres av tredjeparter.<\/p>\n<p>Installasjonen av disse lenkene, katalogene og s\u00f8kemotorene p\u00e5 nettstedet er ment \u00e5 gj\u00f8re det enklere for brukerne \u00e5 s\u00f8ke etter og f\u00e5 tilgang til informasjon som er tilgjengelig p\u00e5 Internett, og kan ikke anses som et forslag, en anbefaling eller en oppfordring til \u00e5 bes\u00f8ke dem.<\/p>\n<p><span class=\"blanc-space ng-binding\">Norsk Boligservice<\/span> tilbyr eller markedsf\u00f8rer ikke selv eller gjennom tredjeparter produkter og\/eller tjenester som er tilgjengelige p\u00e5 slike lenkede nettsteder.<\/p>\n<p>Vi garanterer heller ikke for den tekniske tilgjengeligheten, n\u00f8yaktigheten, sannheten, gyldigheten eller lovligheten til nettsteder utenfor v\u00e5r eiendom som kan n\u00e5s via lenkene.<\/p>\n<p><span class=\"blanc-space ng-binding\">Norsk Boligservice<\/span> p\u00e5 ingen m\u00e5te vurderer eller kontrollerer innholdet p\u00e5 andre nettsteder, og st\u00f8tter, vurderer eller godkjenner heller ikke produkter og tjenester, innhold, filer og annet materiale p\u00e5 slike lenkede nettsteder.<\/p>\n<p><span class=\"blanc-space ng-binding\">Norsk Boligservice<\/span> p\u00e5tar seg intet ansvar for eventuelle skader som kan oppst\u00e5 som f\u00f8lge av tilgang, bruk, kvalitet eller lovlighet av innhold, kommunikasjon, meninger, produkter og tjenester p\u00e5 nettsteder som ikke administreres av <span class=\"blanc-space ng-binding\">Norsk Boligservice<\/span> og som er knyttet til dette nettstedet.<\/p>\n<p>Brukeren eller en tredjepart som lager en hyperkobling fra en nettside p\u00e5 et annet nettsted til nettstedet til <span class=\"blanc-space ng-binding\">Norsk Boligservice<\/span> b\u00f8r vite det:<\/p>\n<p>Innholdet og\/eller tjenestene p\u00e5 nettstedet kan ikke reproduseres, verken helt eller delvis, uten uttrykkelig tillatelse fra <span class=\"blanc-space ng-binding\">Norsk Boligservice<\/span>.<\/p>\n<p>Ingen falske, un\u00f8yaktige eller uriktige fremstillinger om nettstedet til <span class=\"blanc-space ng-binding\">Norsk Boligservice<\/span>heller ikke p\u00e5 innholdet og\/eller tjenestene i den samme.<\/p>\n<p>Med unntak av hyperkoblingen skal nettstedet som hyperkoblingen er opprettet p\u00e5, ikke inneholde noe element p\u00e5 dette nettstedet som er beskyttet som immateriell eiendom i henhold til spansk lov, med mindre det er uttrykkelig godkjent av <span class=\"blanc-space ng-binding\">Norsk Boligservice<\/span>.<\/p>\n<p>Etableringen av hyperkoblingen skal ikke inneb\u00e6re at det eksisterer relasjoner mellom <span class=\"blanc-space ng-binding\">Norsk Boligservice<\/span> og eieren av nettstedet som det utf\u00f8res fra, og heller ikke kjennskap til og aksept av <span class=\"blanc-space ng-binding\">Norsk Boligservice<\/span> av innholdet, tjenestene og\/eller aktivitetene som tilbys p\u00e5 nevnte nettsted, og vice versa.<\/p>\n<h3>V. IMMATERIELLE OG INDUSTRIELLE RETTIGHETER<\/h3>\n<p><span class=\"blanc-space ng-binding\">Norsk Boligservice<\/span> selv eller som rettighetshaver, er eier av alle immaterielle og industrielle eiendomsrettigheter til nettstedet, samt elementene som finnes der (inkludert, men ikke begrenset til, bilder, lyd, lyd, video, programvare eller tekster, varemerker eller logoer, fargekombinasjoner, struktur og design, valg av materialer som brukes, dataprogrammer som er n\u00f8dvendige for drift, tilgang og bruk, etc.). De er derfor verker som er beskyttet som \u00e5ndsverk av det spanske rettssystemet, og de er underlagt b\u00e5de de spanske og fellesskapsreglene p\u00e5 dette omr\u00e5det, samt de internasjonale traktatene som gjelder dette omr\u00e5det og som Spania har undertegnet.<\/p>\n<p>Alle rettigheter forbeholdes. I samsvar med bestemmelsene i \u00e5ndsverksloven er reproduksjon, distribusjon og offentlig kommunikasjon, inkludert tilgjengeliggj\u00f8ring, av hele eller deler av innholdet p\u00e5 dette nettstedet, for kommersielle form\u00e5l, p\u00e5 ethvert medium og ved hjelp av enhver teknisk metode, uttrykkelig forbudt uten tillatelse fra <span class=\"blanc-space ng-binding\">Norsk Boligservice<\/span>.<\/p>\n<p>Brukeren forplikter seg til \u00e5 respektere de immaterielle og industrielle rettighetene til <span class=\"blanc-space ng-binding\">Norsk Boligservice<\/span>. Du kan se elementene p\u00e5 nettstedet eller til og med skrive dem ut, kopiere dem og lagre dem p\u00e5 harddisken p\u00e5 datamaskinen din eller p\u00e5 et hvilket som helst annet fysisk medium s\u00e5 lenge dette utelukkende er til personlig bruk. Brukeren har imidlertid ikke lov til \u00e5 fjerne, endre eller manipulere beskyttelsesanordninger eller sikkerhetssystemer som er installert p\u00e5 nettstedet.<\/p>\n<p>Dersom brukeren eller en tredjepart mener at noe av innholdet p\u00e5 nettstedet inneb\u00e6rer en krenkelse av rettighetene til beskyttelse av \u00e5ndsverk, skal han\/hun umiddelbart informere <span class=\"blanc-space ng-binding\">Norsk Boligservice<\/span> via kontaktopplysningene i avsnittet GENERELL INFORMASJON i denne juridiske merknaden og de generelle bruksvilk\u00e5rene.<\/p>\n<h3>VI. S\u00d8KSM\u00c5L, GJELDENDE LOV OG JURISDIKSJON<\/h3>\n<p><span class=\"blanc-space ng-binding\">Norsk Boligservice<\/span> forbeholder seg retten til \u00e5 iverksette sivile eller strafferettslige tiltak som anses n\u00f8dvendige for urettmessig bruk av nettstedet og dets innhold, eller for brudd p\u00e5 disse vilk\u00e5rene.<\/p>\n<p>Forholdet mellom brukeren og <span class=\"blanc-space ng-binding\">Norsk Boligservice<\/span> skal reguleres av gjeldende regler som gjelder p\u00e5 spansk territorium. Dersom det skulle oppst\u00e5 en tvist i forbindelse med tolkningen og\/eller anvendelsen av disse betingelsene, skal partene underkaste tvisten ordin\u00e6r jurisdiksjon, og underkaste seg de dommere og domstoler som er kompetente i henhold til loven.<\/p>\n<p>Dette dokumentet med juridiske merknader og generelle vilk\u00e5r for bruk av nettstedet er opprettet ved hjelp av generatoren til <a class=\"text-body text-decoration-none\" href=\"https:\/\/textos-legales.edgartamarit.com\/\">mal for juridisk merknad og vilk\u00e5r for bruk<\/a> online den 18\/04\/2024.<\/p>\n<\/div>\n<\/div>\n\n\t\t<\/div>\n\t<\/div>\n<div class=\"g5plus-space space-69f0ee16c0122\" data-id=\"69f0ee16c0122\" data-tablet=\"70\" data-tablet-portrait=\"60\" data-mobile=\"40\" data-mobile-landscape=\"50\" style=\"clear: both; display: block; height: 90px\"><\/div><\/div><\/div><\/div><\/div>","protected":false},"excerpt":{"rendered":"Juridisk merknad www.norskboligservice.com I. GENERELL INFORMASJON I samsvar med informasjonsplikten som er fastsatt i lov 34\/2002 om tjenester i informasjonssamfunnet og elektronisk handel (LSSI-CE) av 11. juli, gis f\u00f8lgende generelle informasjon om dette nettstedet nedenfor: Eierskapet til dette nettstedet, [...]","protected":false},"author":1,"featured_media":0,"parent":0,"menu_order":0,"comment_status":"closed","ping_status":"closed","template":"","meta":{"footnotes":""},"class_list":["post-6826","page","type-page","status-publish","hentry"],"_links":{"self":[{"href":"https:\/\/test.norskboligservice.com\/no\/wp-json\/wp\/v2\/pages\/6826","targetHints":{"allow":["GET"]}}],"collection":[{"href":"https:\/\/test.norskboligservice.com\/no\/wp-json\/wp\/v2\/pages"}],"about":[{"href":"https:\/\/test.norskboligservice.com\/no\/wp-json\/wp\/v2\/types\/page"}],"author":[{"embeddable":true,"href":"https:\/\/test.norskboligservice.com\/no\/wp-json\/wp\/v2\/users\/1"}],"replies":[{"embeddable":true,"href":"https:\/\/test.norskboligservice.com\/no\/wp-json\/wp\/v2\/comments?post=6826"}],"version-history":[{"count":4,"href":"https:\/\/test.norskboligservice.com\/no\/wp-json\/wp\/v2\/pages\/6826\/revisions"}],"predecessor-version":[{"id":10450,"href":"https:\/\/test.norskboligservice.com\/no\/wp-json\/wp\/v2\/pages\/6826\/revisions\/10450"}],"wp:attachment":[{"href":"https:\/\/test.norskboligservice.com\/no\/wp-json\/wp\/v2\/media?parent=6826"}],"curies":[{"name":"wp","href":"https:\/\/api.w.org\/{rel}","templated":true}]}}